{"id":201,"date":"2022-10-11T15:05:28","date_gmt":"2022-10-11T20:05:28","guid":{"rendered":"https:\/\/veloenvios.com\/?page_id=201"},"modified":"2022-10-11T15:11:40","modified_gmt":"2022-10-11T20:11:40","slug":"terminos-condiciones","status":"publish","type":"page","link":"https:\/\/veloenvios.com\/index.php\/terminos-condiciones\/","title":{"rendered":"T\u00e9rminos y condiciones"},"content":{"rendered":"\t\t<div data-elementor-type=\"section\" data-elementor-id=\"64\" class=\"elementor elementor-64\">\n\t\t\t\t\t<div class=\"elementor-section-wrap\">\n\t\t\t\t\t\t\t\t<section class=\"elementor-section elementor-top-section elementor-element elementor-element-19ff7324 elementor-section-boxed elementor-section-height-default elementor-section-height-default\" data-id=\"19ff7324\" data-element_type=\"section\" data-settings=\"{&quot;background_background&quot;:&quot;classic&quot;}\">\n\t\t\t\t\t\t\t<div class=\"elementor-background-overlay\"><\/div>\n\t\t\t\t\t\t\t<div class=\"elementor-container elementor-column-gap-default\">\n\t\t\t\t\t<div class=\"elementor-column elementor-col-100 elementor-top-column elementor-element elementor-element-3f5cfa70\" data-id=\"3f5cfa70\" data-element_type=\"column\">\n\t\t\t<div class=\"elementor-widget-wrap elementor-element-populated\">\n\t\t\t\t\t\t<section class=\"elementor-section elementor-inner-section elementor-element elementor-element-24ee5db2 elementor-section-boxed elementor-section-height-default elementor-section-height-default\" data-id=\"24ee5db2\" data-element_type=\"section\">\n\t\t\t\t\t\t<div class=\"elementor-container elementor-column-gap-wider\">\n\t\t\t\t\t<div class=\"elementor-column elementor-col-100 elementor-inner-column elementor-element elementor-element-68208909\" data-id=\"68208909\" data-element_type=\"column\">\n\t\t\t<div class=\"elementor-widget-wrap elementor-element-populated\">\n\t\t\t\t\t\t<div class=\"elementor-element elementor-element-404c03df elementor-invisible elementor-widget elementor-widget-heading\" data-id=\"404c03df\" data-element_type=\"widget\" data-settings=\"{&quot;_animation&quot;:&quot;fadeIn&quot;,&quot;_animation_delay&quot;:100}\" data-widget_type=\"heading.default\">\n\t\t\t\t<div class=\"elementor-widget-container\">\n\t\t\t<style>\/*! elementor - v3.20.0 - 26-03-2024 *\/\n.elementor-heading-title{padding:0;margin:0;line-height:1}.elementor-widget-heading .elementor-heading-title[class*=elementor-size-]>a{color:inherit;font-size:inherit;line-height:inherit}.elementor-widget-heading .elementor-heading-title.elementor-size-small{font-size:15px}.elementor-widget-heading .elementor-heading-title.elementor-size-medium{font-size:19px}.elementor-widget-heading .elementor-heading-title.elementor-size-large{font-size:29px}.elementor-widget-heading .elementor-heading-title.elementor-size-xl{font-size:39px}.elementor-widget-heading .elementor-heading-title.elementor-size-xxl{font-size:59px}<\/style><h1 class=\"elementor-heading-title elementor-size-default\">T\u00e9rminos y condiciones.<\/h1>\t\t<\/div>\n\t\t\t\t<\/div>\n\t\t\t\t\t<\/div>\n\t\t<\/div>\n\t\t\t\t\t<\/div>\n\t\t<\/section>\n\t\t\t\t\t<\/div>\n\t\t<\/div>\n\t\t\t\t\t<\/div>\n\t\t<\/section>\n\t\t\t\t<section class=\"elementor-section elementor-top-section elementor-element elementor-element-3c3a225b elementor-section-boxed elementor-section-height-default elementor-section-height-default\" data-id=\"3c3a225b\" data-element_type=\"section\" data-settings=\"{&quot;background_background&quot;:&quot;classic&quot;}\">\n\t\t\t\t\t\t\t<div class=\"elementor-background-overlay\"><\/div>\n\t\t\t\t\t\t\t<div class=\"elementor-container elementor-column-gap-default\">\n\t\t\t\t\t<div class=\"elementor-column elementor-col-100 elementor-top-column elementor-element elementor-element-1e6c97f9\" data-id=\"1e6c97f9\" data-element_type=\"column\">\n\t\t\t<div class=\"elementor-widget-wrap elementor-element-populated\">\n\t\t\t\t\t\t<div class=\"elementor-element elementor-element-5cfcccb elementor-widget elementor-widget-heading\" data-id=\"5cfcccb\" data-element_type=\"widget\" data-widget_type=\"heading.default\">\n\t\t\t\t<div class=\"elementor-widget-container\">\n\t\t\t<h2 class=\"elementor-heading-title elementor-size-default\">Condiciones de la empresa:<\/h2>\t\t<\/div>\n\t\t\t\t<\/div>\n\t\t\t\t<section class=\"elementor-section elementor-inner-section elementor-element elementor-element-3ea04d3a elementor-section-content-middle elementor-section-boxed elementor-section-height-default elementor-section-height-default\" data-id=\"3ea04d3a\" data-element_type=\"section\">\n\t\t\t\t\t\t<div class=\"elementor-container elementor-column-gap-wider\">\n\t\t\t\t\t<div class=\"elementor-column elementor-col-100 elementor-inner-column elementor-element elementor-element-5d5ce9b\" data-id=\"5d5ce9b\" data-element_type=\"column\">\n\t\t\t<div class=\"elementor-widget-wrap elementor-element-populated\">\n\t\t\t\t\t\t<div class=\"elementor-element elementor-element-4626a2f5 elementor-invisible elementor-widget elementor-widget-heading\" data-id=\"4626a2f5\" data-element_type=\"widget\" data-settings=\"{&quot;_animation&quot;:&quot;fadeIn&quot;,&quot;_animation_delay&quot;:300}\" data-widget_type=\"heading.default\">\n\t\t\t\t<div class=\"elementor-widget-container\">\n\t\t\t<p class=\"elementor-heading-title elementor-size-default\">1. EL DESTINATARIO est\u00e1 obligado a identificarse mediante la presentaci\u00f3n de su c\u00e9dula de ciudadan\u00eda, cuando se trate de personas jur\u00eddicas, debe informar, adem\u00e1s, el n\u00famero de identificaci\u00f3n tributario (NIT).\n<\/p>\t\t<\/div>\n\t\t\t\t<\/div>\n\t\t\t\t<div class=\"elementor-element elementor-element-eeb301f elementor-invisible elementor-widget elementor-widget-heading\" data-id=\"eeb301f\" data-element_type=\"widget\" data-settings=\"{&quot;_animation&quot;:&quot;fadeIn&quot;,&quot;_animation_delay&quot;:300}\" data-widget_type=\"heading.default\">\n\t\t\t\t<div class=\"elementor-widget-container\">\n\t\t\t<p class=\"elementor-heading-title elementor-size-default\">2. De conformidad con el Art. 1011 del C\u00f3digo de Comercio, el REMITENTE est\u00e1 obligado a agregar a este documento los documentos necesarios para el cumplimiento de las formalidades de polic\u00eda, aduana, sanidad y condiciones de consumo.\n<\/p>\t\t<\/div>\n\t\t\t\t<\/div>\n\t\t\t\t<div class=\"elementor-element elementor-element-11cae3c elementor-invisible elementor-widget elementor-widget-heading\" data-id=\"11cae3c\" data-element_type=\"widget\" data-settings=\"{&quot;_animation&quot;:&quot;fadeIn&quot;,&quot;_animation_delay&quot;:300}\" data-widget_type=\"heading.default\">\n\t\t\t\t<div class=\"elementor-widget-container\">\n\t\t\t<p class=\"elementor-heading-title elementor-size-default\">3. La empresa NO ACEPTA mercanc\u00edas que sean l\u00edquidos, explosivos, armas, municiones, materiales corrosivos o inflamables, \u00e1cidos corrosivos o venenosos, estupefacientes, narc\u00f3ticos y art\u00edculos de contrabando.\n<\/p>\t\t<\/div>\n\t\t\t\t<\/div>\n\t\t\t\t<div class=\"elementor-element elementor-element-9e85148 elementor-invisible elementor-widget elementor-widget-heading\" data-id=\"9e85148\" data-element_type=\"widget\" data-settings=\"{&quot;_animation&quot;:&quot;fadeIn&quot;,&quot;_animation_delay&quot;:300}\" data-widget_type=\"heading.default\">\n\t\t\t\t<div class=\"elementor-widget-container\">\n\t\t\t<p class=\"elementor-heading-title elementor-size-default\">4. Las mercanc\u00edas que contengan cosas perecederas o de f\u00e1cil deterioro, estar\u00e1n sujetas a lo dispuesto en el Art. 1014 del C del C.\n<\/p>\t\t<\/div>\n\t\t\t\t<\/div>\n\t\t\t\t<div class=\"elementor-element elementor-element-1d0dff6 elementor-invisible elementor-widget elementor-widget-heading\" data-id=\"1d0dff6\" data-element_type=\"widget\" data-settings=\"{&quot;_animation&quot;:&quot;fadeIn&quot;,&quot;_animation_delay&quot;:300}\" data-widget_type=\"heading.default\">\n\t\t\t\t<div class=\"elementor-widget-container\">\n\t\t\t<p class=\"elementor-heading-title elementor-size-default\">5. Cuando la mercanc\u00eda no sea retirada de la Oficina o Bodega de la Empresa dentro de los cinco (5) d\u00edas h\u00e1biles siguientes a su llegada al lugar de destino, causar\u00e1 DERECHOS DE BODEGAJE.\n<\/p>\t\t<\/div>\n\t\t\t\t<\/div>\n\t\t\t\t<div class=\"elementor-element elementor-element-1a028b7 elementor-invisible elementor-widget elementor-widget-heading\" data-id=\"1a028b7\" data-element_type=\"widget\" data-settings=\"{&quot;_animation&quot;:&quot;fadeIn&quot;,&quot;_animation_delay&quot;:300}\" data-widget_type=\"heading.default\">\n\t\t\t\t<div class=\"elementor-widget-container\">\n\t\t\t<p class=\"elementor-heading-title elementor-size-default\">6. La Empresa estar\u00e1 exenta de responsabilidad en los siguientes casos particulares:\na) Cuando la mercanc\u00eda sea decomisada por la falta de los documentos indicados en el numeral 2\u00ba, o cuando tales documentos sean inexactos o deficientes.\nb) Cuando el remitente haga una declaraci\u00f3n falsa del contenido del presente documento.\nc) Por las aver\u00edas en los casos de requisas en los retenes o lugares dispuestos por las autoridades.\nd) Por las aver\u00edas o p\u00e9rdidas ocasionadas con motivo de asonadas o motines.\ne) Por la p\u00e9rdida o da\u00f1os ocasionados por falta o deficiencia en el embalaje.\n<\/p>\t\t<\/div>\n\t\t\t\t<\/div>\n\t\t\t\t<div class=\"elementor-element elementor-element-cf37fd8 elementor-invisible elementor-widget elementor-widget-heading\" data-id=\"cf37fd8\" data-element_type=\"widget\" data-settings=\"{&quot;_animation&quot;:&quot;fadeIn&quot;,&quot;_animation_delay&quot;:300}\" data-widget_type=\"heading.default\">\n\t\t\t\t<div class=\"elementor-widget-container\">\n\t\t\t<p class=\"elementor-heading-title elementor-size-default\">7. La empresa en caso de p\u00e9rdida comprobada de la mercanc\u00eda y salvo de los casos se\u00f1alados en el numeral anterior, indemnizar\u00e1 al remitente o a quien represente sus derechos, hasta el monto del valor que hubiere declarado en el recibo de este documento.\n<\/p>\t\t<\/div>\n\t\t\t\t<\/div>\n\t\t\t\t<div class=\"elementor-element elementor-element-4691389 elementor-invisible elementor-widget elementor-widget-heading\" data-id=\"4691389\" data-element_type=\"widget\" data-settings=\"{&quot;_animation&quot;:&quot;fadeIn&quot;,&quot;_animation_delay&quot;:300}\" data-widget_type=\"heading.default\">\n\t\t\t\t<div class=\"elementor-widget-container\">\n\t\t\t<p class=\"elementor-heading-title elementor-size-default\">8. Mercanc\u00eda no recogida dentro de los treinta (30) d\u00edas siguientes al aforo de la misma. La Empresa se exonera de cualquier tipo de reclamaci\u00f3n.\n<\/p>\t\t<\/div>\n\t\t\t\t<\/div>\n\t\t\t\t<div class=\"elementor-element elementor-element-ce17117 elementor-invisible elementor-widget elementor-widget-heading\" data-id=\"ce17117\" data-element_type=\"widget\" data-settings=\"{&quot;_animation&quot;:&quot;fadeIn&quot;,&quot;_animation_delay&quot;:300}\" data-widget_type=\"heading.default\">\n\t\t\t\t<div class=\"elementor-widget-container\">\n\t\t\t<p class=\"elementor-heading-title elementor-size-default\">9. Cuando el valor declarado de la mercanc\u00eda supere la suma de dos millones de pesos se debe entregar a la vista. Autoriza a la Empresa para dejar en la porter\u00eda del Edificio o Conjunto, la mercanc\u00eda que ampara esta Remesa. Cuando el Remitente sea una persona Jur\u00eddica, se entiende que ha autorizado a la persona que afora para suministrar los datos de esta Remesa.\n<\/p>\t\t<\/div>\n\t\t\t\t<\/div>\n\t\t\t\t\t<\/div>\n\t\t<\/div>\n\t\t\t\t\t<\/div>\n\t\t<\/section>\n\t\t\t\t\t<\/div>\n\t\t<\/div>\n\t\t\t\t\t<\/div>\n\t\t<\/section>\n\t\t\t\t\t\t\t<\/div>\n\t\t\t\t<\/div>\n\t\t\n","protected":false},"excerpt":{"rendered":"","protected":false},"author":1,"featured_media":0,"parent":0,"menu_order":0,"comment_status":"closed","ping_status":"closed","template":"elementor_header_footer","meta":{"om_disable_all_campaigns":false,"_monsterinsights_skip_tracking":false,"_monsterinsights_sitenote_active":false,"_monsterinsights_sitenote_note":"","_monsterinsights_sitenote_category":0,"footnotes":"","_joinchat":[]},"aioseo_notices":[],"_links":{"self":[{"href":"https:\/\/veloenvios.com\/index.php\/wp-json\/wp\/v2\/pages\/201"}],"collection":[{"href":"https:\/\/veloenvios.com\/index.php\/wp-json\/wp\/v2\/pages"}],"about":[{"href":"https:\/\/veloenvios.com\/index.php\/wp-json\/wp\/v2\/types\/page"}],"author":[{"embeddable":true,"href":"https:\/\/veloenvios.com\/index.php\/wp-json\/wp\/v2\/users\/1"}],"replies":[{"embeddable":true,"href":"https:\/\/veloenvios.com\/index.php\/wp-json\/wp\/v2\/comments?post=201"}],"version-history":[{"count":2,"href":"https:\/\/veloenvios.com\/index.php\/wp-json\/wp\/v2\/pages\/201\/revisions"}],"predecessor-version":[{"id":203,"href":"https:\/\/veloenvios.com\/index.php\/wp-json\/wp\/v2\/pages\/201\/revisions\/203"}],"wp:attachment":[{"href":"https:\/\/veloenvios.com\/index.php\/wp-json\/wp\/v2\/media?parent=201"}],"curies":[{"name":"wp","href":"https:\/\/api.w.org\/{rel}","templated":true}]}}